{"id":502,"date":"2021-12-16T14:29:00","date_gmt":"2021-12-16T13:29:00","guid":{"rendered":"http:\/\/3d-travaux.com\/?page_id=502"},"modified":"2023-07-27T16:09:31","modified_gmt":"2023-07-27T14:09:31","slug":"realisations","status":"publish","type":"page","link":"https:\/\/3d-travaux.com\/index.php\/realisations\/","title":{"rendered":"R\u00e9alisations"},"content":{"rendered":"\n<h2 class=\"has-normal-font-size\">R\u00e9novation d&rsquo;une salle \u00e0 manger  salon \u00e0 Jouy<\/h2>\n\n\n\n<figure class=\"wp-block-gallery columns-3 is-cropped\"><ul class=\"blocks-gallery-grid\"><li class=\"blocks-gallery-item\"><figure><img loading=\"lazy\" width=\"1024\" height=\"1024\" src=\"http:\/\/3d-travaux.com\/wp-content\/uploads\/2023\/07\/Jouy-Carrelage-1024x1024.jpg\" alt=\"\" data-id=\"733\" data-full-url=\"http:\/\/3d-travaux.com\/wp-content\/uploads\/2023\/07\/Jouy-Carrelage-scaled.jpg\" data-link=\"http:\/\/3d-travaux.com\/index.php\/realisations\/jouy-carrelage\/\" class=\"wp-image-733\" srcset=\"https:\/\/3d-travaux.com\/wp-content\/uploads\/2023\/07\/Jouy-Carrelage-1024x1024.jpg 1024w, https:\/\/3d-travaux.com\/wp-content\/uploads\/2023\/07\/Jouy-Carrelage-300x300.jpg 300w, https:\/\/3d-travaux.com\/wp-content\/uploads\/2023\/07\/Jouy-Carrelage-150x150.jpg 150w, https:\/\/3d-travaux.com\/wp-content\/uploads\/2023\/07\/Jouy-Carrelage-768x768.jpg 768w, https:\/\/3d-travaux.com\/wp-content\/uploads\/2023\/07\/Jouy-Carrelage-1536x1536.jpg 1536w, https:\/\/3d-travaux.com\/wp-content\/uploads\/2023\/07\/Jouy-Carrelage-2048x2048.jpg 2048w, https:\/\/3d-travaux.com\/wp-content\/uploads\/2023\/07\/Jouy-Carrelage-100x100.jpg 100w\" sizes=\"(max-width: 706px) 89vw, (max-width: 767px) 82vw, 740px\" \/><\/figure><\/li><li class=\"blocks-gallery-item\"><figure><img loading=\"lazy\" width=\"1024\" height=\"1024\" src=\"http:\/\/3d-travaux.com\/wp-content\/uploads\/2023\/07\/Jouy-Salon-2-1024x1024.jpg\" alt=\"\" data-id=\"735\" data-full-url=\"http:\/\/3d-travaux.com\/wp-content\/uploads\/2023\/07\/Jouy-Salon-2-scaled.jpg\" data-link=\"http:\/\/3d-travaux.com\/index.php\/realisations\/jouy-salon-2\/\" class=\"wp-image-735\" srcset=\"https:\/\/3d-travaux.com\/wp-content\/uploads\/2023\/07\/Jouy-Salon-2-1024x1024.jpg 1024w, https:\/\/3d-travaux.com\/wp-content\/uploads\/2023\/07\/Jouy-Salon-2-300x300.jpg 300w, https:\/\/3d-travaux.com\/wp-content\/uploads\/2023\/07\/Jouy-Salon-2-150x150.jpg 150w, https:\/\/3d-travaux.com\/wp-content\/uploads\/2023\/07\/Jouy-Salon-2-768x768.jpg 768w, https:\/\/3d-travaux.com\/wp-content\/uploads\/2023\/07\/Jouy-Salon-2-1536x1536.jpg 1536w, https:\/\/3d-travaux.com\/wp-content\/uploads\/2023\/07\/Jouy-Salon-2-2048x2048.jpg 2048w, https:\/\/3d-travaux.com\/wp-content\/uploads\/2023\/07\/Jouy-Salon-2-100x100.jpg 100w\" sizes=\"(max-width: 706px) 89vw, (max-width: 767px) 82vw, 740px\" \/><\/figure><\/li><li class=\"blocks-gallery-item\"><figure><img loading=\"lazy\" width=\"1024\" height=\"1024\" src=\"http:\/\/3d-travaux.com\/wp-content\/uploads\/2023\/07\/Jouy-Salon-1024x1024.jpg\" alt=\"\" data-id=\"736\" data-full-url=\"http:\/\/3d-travaux.com\/wp-content\/uploads\/2023\/07\/Jouy-Salon-scaled.jpg\" data-link=\"http:\/\/3d-travaux.com\/index.php\/realisations\/jouy-salon\/\" class=\"wp-image-736\" srcset=\"https:\/\/3d-travaux.com\/wp-content\/uploads\/2023\/07\/Jouy-Salon-1024x1024.jpg 1024w, https:\/\/3d-travaux.com\/wp-content\/uploads\/2023\/07\/Jouy-Salon-300x300.jpg 300w, https:\/\/3d-travaux.com\/wp-content\/uploads\/2023\/07\/Jouy-Salon-150x150.jpg 150w, https:\/\/3d-travaux.com\/wp-content\/uploads\/2023\/07\/Jouy-Salon-768x768.jpg 768w, https:\/\/3d-travaux.com\/wp-content\/uploads\/2023\/07\/Jouy-Salon-1536x1536.jpg 1536w, https:\/\/3d-travaux.com\/wp-content\/uploads\/2023\/07\/Jouy-Salon-2048x2048.jpg 2048w, https:\/\/3d-travaux.com\/wp-content\/uploads\/2023\/07\/Jouy-Salon-100x100.jpg 100w\" sizes=\"(max-width: 706px) 89vw, (max-width: 767px) 82vw, 740px\" \/><\/figure><\/li><li class=\"blocks-gallery-item\"><figure><img loading=\"lazy\" width=\"1024\" height=\"1024\" src=\"http:\/\/3d-travaux.com\/wp-content\/uploads\/2023\/07\/Jouy-Salle-a-manger-2-1024x1024.jpg\" alt=\"\" data-id=\"734\" data-full-url=\"http:\/\/3d-travaux.com\/wp-content\/uploads\/2023\/07\/Jouy-Salle-a-manger-2-scaled.jpg\" data-link=\"http:\/\/3d-travaux.com\/index.php\/realisations\/jouy-salle-a-manger-2\/\" class=\"wp-image-734\" srcset=\"https:\/\/3d-travaux.com\/wp-content\/uploads\/2023\/07\/Jouy-Salle-a-manger-2-1024x1024.jpg 1024w, https:\/\/3d-travaux.com\/wp-content\/uploads\/2023\/07\/Jouy-Salle-a-manger-2-300x300.jpg 300w, https:\/\/3d-travaux.com\/wp-content\/uploads\/2023\/07\/Jouy-Salle-a-manger-2-150x150.jpg 150w, https:\/\/3d-travaux.com\/wp-content\/uploads\/2023\/07\/Jouy-Salle-a-manger-2-768x768.jpg 768w, https:\/\/3d-travaux.com\/wp-content\/uploads\/2023\/07\/Jouy-Salle-a-manger-2-1536x1536.jpg 1536w, https:\/\/3d-travaux.com\/wp-content\/uploads\/2023\/07\/Jouy-Salle-a-manger-2-2048x2048.jpg 2048w, https:\/\/3d-travaux.com\/wp-content\/uploads\/2023\/07\/Jouy-Salle-a-manger-2-100x100.jpg 100w\" sizes=\"(max-width: 706px) 89vw, (max-width: 767px) 82vw, 740px\" \/><\/figure><\/li><\/ul><\/figure>\n\n\n\n<h2 class=\"has-normal-font-size\" style=\"line-height:0\">R\u00e9novation d&rsquo;un agence \u00e0 Chartres<\/h2>\n\n\n\n<div class=\"wp-block-group\"><div class=\"wp-block-group__inner-container\">\n<div class=\"wp-block-columns\">\n<div class=\"wp-block-column\" style=\"flex-basis:100%\">\n<figure class=\"wp-block-gallery columns-3 is-cropped\"><ul class=\"blocks-gallery-grid\"><li class=\"blocks-gallery-item\"><figure><img loading=\"lazy\" width=\"1024\" height=\"1024\" src=\"http:\/\/3d-travaux.com\/wp-content\/uploads\/2023\/07\/Agence-1-1-1024x1024.jpg\" alt=\"\" data-id=\"741\" data-full-url=\"http:\/\/3d-travaux.com\/wp-content\/uploads\/2023\/07\/Agence-1-1-scaled.jpg\" data-link=\"http:\/\/3d-travaux.com\/index.php\/realisations\/agence-1-1\/\" class=\"wp-image-741\" srcset=\"https:\/\/3d-travaux.com\/wp-content\/uploads\/2023\/07\/Agence-1-1-1024x1024.jpg 1024w, https:\/\/3d-travaux.com\/wp-content\/uploads\/2023\/07\/Agence-1-1-300x300.jpg 300w, https:\/\/3d-travaux.com\/wp-content\/uploads\/2023\/07\/Agence-1-1-150x150.jpg 150w, https:\/\/3d-travaux.com\/wp-content\/uploads\/2023\/07\/Agence-1-1-768x768.jpg 768w, https:\/\/3d-travaux.com\/wp-content\/uploads\/2023\/07\/Agence-1-1-1536x1536.jpg 1536w, https:\/\/3d-travaux.com\/wp-content\/uploads\/2023\/07\/Agence-1-1-2048x2048.jpg 2048w, https:\/\/3d-travaux.com\/wp-content\/uploads\/2023\/07\/Agence-1-1-100x100.jpg 100w\" sizes=\"(max-width: 706px) 89vw, (max-width: 767px) 82vw, 740px\" \/><\/figure><\/li><li class=\"blocks-gallery-item\"><figure><img loading=\"lazy\" width=\"1024\" height=\"1024\" src=\"http:\/\/3d-travaux.com\/wp-content\/uploads\/2023\/07\/Agence-2-1-1024x1024.jpg\" alt=\"\" data-id=\"742\" data-full-url=\"http:\/\/3d-travaux.com\/wp-content\/uploads\/2023\/07\/Agence-2-1-scaled.jpg\" data-link=\"http:\/\/3d-travaux.com\/index.php\/realisations\/agence-2-1\/\" class=\"wp-image-742\" srcset=\"https:\/\/3d-travaux.com\/wp-content\/uploads\/2023\/07\/Agence-2-1-1024x1024.jpg 1024w, https:\/\/3d-travaux.com\/wp-content\/uploads\/2023\/07\/Agence-2-1-300x300.jpg 300w, https:\/\/3d-travaux.com\/wp-content\/uploads\/2023\/07\/Agence-2-1-150x150.jpg 150w, https:\/\/3d-travaux.com\/wp-content\/uploads\/2023\/07\/Agence-2-1-768x768.jpg 768w, https:\/\/3d-travaux.com\/wp-content\/uploads\/2023\/07\/Agence-2-1-1536x1536.jpg 1536w, https:\/\/3d-travaux.com\/wp-content\/uploads\/2023\/07\/Agence-2-1-2048x2048.jpg 2048w, https:\/\/3d-travaux.com\/wp-content\/uploads\/2023\/07\/Agence-2-1-100x100.jpg 100w\" sizes=\"(max-width: 706px) 89vw, (max-width: 767px) 82vw, 740px\" \/><\/figure><\/li><li class=\"blocks-gallery-item\"><figure><img loading=\"lazy\" width=\"1024\" height=\"1024\" src=\"http:\/\/3d-travaux.com\/wp-content\/uploads\/2023\/07\/Agence-4-1-1024x1024.jpg\" alt=\"\" data-id=\"743\" data-full-url=\"http:\/\/3d-travaux.com\/wp-content\/uploads\/2023\/07\/Agence-4-1-scaled.jpg\" data-link=\"http:\/\/3d-travaux.com\/index.php\/realisations\/agence-4-1\/\" class=\"wp-image-743\" srcset=\"https:\/\/3d-travaux.com\/wp-content\/uploads\/2023\/07\/Agence-4-1-1024x1024.jpg 1024w, https:\/\/3d-travaux.com\/wp-content\/uploads\/2023\/07\/Agence-4-1-300x300.jpg 300w, https:\/\/3d-travaux.com\/wp-content\/uploads\/2023\/07\/Agence-4-1-150x150.jpg 150w, https:\/\/3d-travaux.com\/wp-content\/uploads\/2023\/07\/Agence-4-1-768x768.jpg 768w, https:\/\/3d-travaux.com\/wp-content\/uploads\/2023\/07\/Agence-4-1-1536x1536.jpg 1536w, https:\/\/3d-travaux.com\/wp-content\/uploads\/2023\/07\/Agence-4-1-2048x2048.jpg 2048w, https:\/\/3d-travaux.com\/wp-content\/uploads\/2023\/07\/Agence-4-1-100x100.jpg 100w\" sizes=\"(max-width: 706px) 89vw, (max-width: 767px) 82vw, 740px\" \/><\/figure><\/li><\/ul><\/figure>\n<\/div>\n<\/div>\n<\/div><\/div>\n\n\n\n<h2 class=\"has-normal-font-size\" style=\"line-height:0.6\">R\u00e9novation d&rsquo;un cuisine \u00e0 Chartres<\/h2>\n\n\n\n<figure class=\"wp-block-gallery columns-2\"><ul class=\"blocks-gallery-grid\"><li class=\"blocks-gallery-item\"><figure><img loading=\"lazy\" width=\"2560\" height=\"2560\" src=\"http:\/\/3d-travaux.com\/wp-content\/uploads\/2021\/12\/Cuisine-scaled.jpg\" alt=\"\" data-id=\"524\" data-full-url=\"http:\/\/3d-travaux.com\/wp-content\/uploads\/2021\/12\/Cuisine-scaled.jpg\" data-link=\"http:\/\/3d-travaux.com\/index.php\/travail-graphique\/cuisine\/\" class=\"wp-image-524\" srcset=\"https:\/\/3d-travaux.com\/wp-content\/uploads\/2021\/12\/Cuisine-scaled.jpg 2560w, https:\/\/3d-travaux.com\/wp-content\/uploads\/2021\/12\/Cuisine-300x300.jpg 300w, https:\/\/3d-travaux.com\/wp-content\/uploads\/2021\/12\/Cuisine-1024x1024.jpg 1024w, https:\/\/3d-travaux.com\/wp-content\/uploads\/2021\/12\/Cuisine-150x150.jpg 150w, https:\/\/3d-travaux.com\/wp-content\/uploads\/2021\/12\/Cuisine-768x768.jpg 768w, https:\/\/3d-travaux.com\/wp-content\/uploads\/2021\/12\/Cuisine-1536x1536.jpg 1536w, https:\/\/3d-travaux.com\/wp-content\/uploads\/2021\/12\/Cuisine-2048x2048.jpg 2048w, https:\/\/3d-travaux.com\/wp-content\/uploads\/2021\/12\/Cuisine-100x100.jpg 100w\" sizes=\"(max-width: 706px) 89vw, (max-width: 767px) 82vw, 740px\" \/><\/figure><\/li><li class=\"blocks-gallery-item\"><figure><img loading=\"lazy\" width=\"2560\" height=\"2560\" src=\"http:\/\/3d-travaux.com\/wp-content\/uploads\/2021\/12\/Cuisine-3-scaled.jpg\" alt=\"\" data-id=\"522\" data-full-url=\"http:\/\/3d-travaux.com\/wp-content\/uploads\/2021\/12\/Cuisine-3-scaled.jpg\" data-link=\"http:\/\/3d-travaux.com\/index.php\/travail-graphique\/cuisine-3\/\" class=\"wp-image-522\" srcset=\"https:\/\/3d-travaux.com\/wp-content\/uploads\/2021\/12\/Cuisine-3-scaled.jpg 2560w, https:\/\/3d-travaux.com\/wp-content\/uploads\/2021\/12\/Cuisine-3-300x300.jpg 300w, https:\/\/3d-travaux.com\/wp-content\/uploads\/2021\/12\/Cuisine-3-1024x1024.jpg 1024w, https:\/\/3d-travaux.com\/wp-content\/uploads\/2021\/12\/Cuisine-3-150x150.jpg 150w, https:\/\/3d-travaux.com\/wp-content\/uploads\/2021\/12\/Cuisine-3-768x768.jpg 768w, https:\/\/3d-travaux.com\/wp-content\/uploads\/2021\/12\/Cuisine-3-1536x1536.jpg 1536w, https:\/\/3d-travaux.com\/wp-content\/uploads\/2021\/12\/Cuisine-3-2048x2048.jpg 2048w, https:\/\/3d-travaux.com\/wp-content\/uploads\/2021\/12\/Cuisine-3-100x100.jpg 100w\" sizes=\"(max-width: 706px) 89vw, (max-width: 767px) 82vw, 740px\" \/><\/figure><\/li><\/ul><\/figure>\n\n\n\n<h2 class=\"has-normal-font-size\">R\u00e9novation d&rsquo;une d\u00e9pendance \u00e0 Tremblay les Villages<\/h2>\n\n\n\n<figure class=\"wp-block-gallery columns-1 is-cropped\"><ul class=\"blocks-gallery-grid\"><li class=\"blocks-gallery-item\"><figure><img src=\"http:\/\/3d-travaux.com\/wp-content\/uploads\/2022\/01\/Salon-couleur.jpg\" alt=\"\" data-id=\"633\" data-link=\"http:\/\/3d-travaux.com\/index.php\/realisations\/salon-couleur\/\" class=\"wp-image-633\"\/><\/figure><\/li><\/ul><\/figure>\n\n\n\n<figure class=\"wp-block-gallery columns-2 is-cropped\"><ul class=\"blocks-gallery-grid\"><li class=\"blocks-gallery-item\"><figure><img src=\"http:\/\/3d-travaux.com\/wp-content\/uploads\/2022\/01\/Salon-couleur-2..jpg\" alt=\"\" data-id=\"632\" data-link=\"http:\/\/3d-travaux.com\/index.php\/realisations\/salon-couleur-2\/\" class=\"wp-image-632\"\/><\/figure><\/li><li class=\"blocks-gallery-item\"><figure><img src=\"http:\/\/3d-travaux.com\/wp-content\/uploads\/2022\/01\/Poignee.jpg\" alt=\"\" data-id=\"634\" data-link=\"http:\/\/3d-travaux.com\/index.php\/realisations\/poignee\/\" class=\"wp-image-634\"\/><\/figure><\/li><\/ul><\/figure>\n\n\n\n<h2 class=\"has-normal-font-size\">Salle de bain \u00e0 Chartres<\/h2>\n\n\n\n<figure class=\"wp-block-gallery columns-1 is-cropped\"><ul class=\"blocks-gallery-grid\"><li class=\"blocks-gallery-item\"><figure><img loading=\"lazy\" width=\"1024\" height=\"1024\" src=\"http:\/\/3d-travaux.com\/wp-content\/uploads\/2023\/07\/Salle-de-bain--1024x1024.jpg\" alt=\"\" data-id=\"755\" data-full-url=\"http:\/\/3d-travaux.com\/wp-content\/uploads\/2023\/07\/Salle-de-bain--scaled.jpg\" data-link=\"http:\/\/3d-travaux.com\/index.php\/realisations\/salle-de-bain-7\/\" class=\"wp-image-755\" srcset=\"https:\/\/3d-travaux.com\/wp-content\/uploads\/2023\/07\/Salle-de-bain--1024x1024.jpg 1024w, https:\/\/3d-travaux.com\/wp-content\/uploads\/2023\/07\/Salle-de-bain--300x300.jpg 300w, https:\/\/3d-travaux.com\/wp-content\/uploads\/2023\/07\/Salle-de-bain--150x150.jpg 150w, https:\/\/3d-travaux.com\/wp-content\/uploads\/2023\/07\/Salle-de-bain--768x768.jpg 768w, https:\/\/3d-travaux.com\/wp-content\/uploads\/2023\/07\/Salle-de-bain--1536x1536.jpg 1536w, https:\/\/3d-travaux.com\/wp-content\/uploads\/2023\/07\/Salle-de-bain--2048x2048.jpg 2048w, https:\/\/3d-travaux.com\/wp-content\/uploads\/2023\/07\/Salle-de-bain--100x100.jpg 100w\" sizes=\"(max-width: 706px) 89vw, (max-width: 767px) 82vw, 740px\" \/><\/figure><\/li><\/ul><\/figure>\n\n\n\n<h2 class=\"has-normal-font-size\">R\u00e9novation d&rsquo;une Chambre d&rsquo;enfants  \u00e0 Chartres<\/h2>\n\n\n\n<figure class=\"wp-block-gallery columns-2 is-cropped\"><ul class=\"blocks-gallery-grid\"><li class=\"blocks-gallery-item\"><figure><img src=\"http:\/\/3d-travaux.com\/wp-content\/uploads\/2021\/12\/Chambre-Romy-2.jpg\" alt=\"\" data-id=\"526\" data-link=\"http:\/\/3d-travaux.com\/index.php\/realisations\/chambre-romy-2\/\" class=\"wp-image-526\"\/><\/figure><\/li><li class=\"blocks-gallery-item\"><figure><img src=\"http:\/\/3d-travaux.com\/wp-content\/uploads\/2021\/12\/Chambre-Romy-3.jpg\" alt=\"\" data-id=\"527\" data-link=\"http:\/\/3d-travaux.com\/index.php\/realisations\/chambre-romy-3\/\" class=\"wp-image-527\"\/><\/figure><\/li><\/ul><\/figure>\n\n\n\n<h2 class=\"has-normal-font-size\">R\u00e9novation salon et salle \u00e0 manger \u00e0 Fontenay sur Eure<\/h2>\n\n\n\n<figure class=\"wp-block-gallery columns-2 is-cropped\"><ul class=\"blocks-gallery-grid\"><li class=\"blocks-gallery-item\"><figure><img loading=\"lazy\" width=\"1024\" height=\"1024\" src=\"http:\/\/3d-travaux.com\/wp-content\/uploads\/2023\/07\/Fontenay-salon-1-1024x1024.jpg\" alt=\"\" data-id=\"731\" data-full-url=\"http:\/\/3d-travaux.com\/wp-content\/uploads\/2023\/07\/Fontenay-salon-1-scaled.jpg\" data-link=\"http:\/\/3d-travaux.com\/index.php\/realisations\/fontenay-salon-1\/\" class=\"wp-image-731\" srcset=\"https:\/\/3d-travaux.com\/wp-content\/uploads\/2023\/07\/Fontenay-salon-1-1024x1024.jpg 1024w, https:\/\/3d-travaux.com\/wp-content\/uploads\/2023\/07\/Fontenay-salon-1-300x300.jpg 300w, https:\/\/3d-travaux.com\/wp-content\/uploads\/2023\/07\/Fontenay-salon-1-150x150.jpg 150w, https:\/\/3d-travaux.com\/wp-content\/uploads\/2023\/07\/Fontenay-salon-1-768x768.jpg 768w, https:\/\/3d-travaux.com\/wp-content\/uploads\/2023\/07\/Fontenay-salon-1-1536x1536.jpg 1536w, https:\/\/3d-travaux.com\/wp-content\/uploads\/2023\/07\/Fontenay-salon-1-2048x2048.jpg 2048w, https:\/\/3d-travaux.com\/wp-content\/uploads\/2023\/07\/Fontenay-salon-1-100x100.jpg 100w\" sizes=\"(max-width: 706px) 89vw, (max-width: 767px) 82vw, 740px\" \/><\/figure><\/li><li class=\"blocks-gallery-item\"><figure><img loading=\"lazy\" width=\"1024\" height=\"1024\" src=\"http:\/\/3d-travaux.com\/wp-content\/uploads\/2023\/07\/Fontenay-salon-2-1024x1024.jpg\" alt=\"\" data-id=\"732\" data-full-url=\"http:\/\/3d-travaux.com\/wp-content\/uploads\/2023\/07\/Fontenay-salon-2-scaled.jpg\" data-link=\"http:\/\/3d-travaux.com\/index.php\/realisations\/fontenay-salon-2\/\" class=\"wp-image-732\" srcset=\"https:\/\/3d-travaux.com\/wp-content\/uploads\/2023\/07\/Fontenay-salon-2-1024x1024.jpg 1024w, https:\/\/3d-travaux.com\/wp-content\/uploads\/2023\/07\/Fontenay-salon-2-300x300.jpg 300w, https:\/\/3d-travaux.com\/wp-content\/uploads\/2023\/07\/Fontenay-salon-2-150x150.jpg 150w, https:\/\/3d-travaux.com\/wp-content\/uploads\/2023\/07\/Fontenay-salon-2-768x768.jpg 768w, https:\/\/3d-travaux.com\/wp-content\/uploads\/2023\/07\/Fontenay-salon-2-1536x1536.jpg 1536w, https:\/\/3d-travaux.com\/wp-content\/uploads\/2023\/07\/Fontenay-salon-2-2048x2048.jpg 2048w, https:\/\/3d-travaux.com\/wp-content\/uploads\/2023\/07\/Fontenay-salon-2-100x100.jpg 100w\" sizes=\"(max-width: 706px) 89vw, (max-width: 767px) 82vw, 740px\" \/><\/figure><\/li><\/ul><\/figure>\n\n\n\n<p><\/p>\n\n\n\n<h2 class=\"has-normal-font-size\">R\u00e9novation d&rsquo;une Cuisine \u00e0 Jouy<\/h2>\n\n\n\n<figure class=\"wp-block-gallery columns-3 is-cropped\"><ul class=\"blocks-gallery-grid\"><li class=\"blocks-gallery-item\"><figure><img loading=\"lazy\" width=\"1024\" height=\"1024\" src=\"http:\/\/3d-travaux.com\/wp-content\/uploads\/2023\/07\/Jouy-Cuisine-1024x1024.jpg\" alt=\"\" data-id=\"730\" data-full-url=\"http:\/\/3d-travaux.com\/wp-content\/uploads\/2023\/07\/Jouy-Cuisine-scaled.jpg\" data-link=\"http:\/\/3d-travaux.com\/index.php\/realisations\/jouy-cuisine\/\" class=\"wp-image-730\" srcset=\"https:\/\/3d-travaux.com\/wp-content\/uploads\/2023\/07\/Jouy-Cuisine-1024x1024.jpg 1024w, https:\/\/3d-travaux.com\/wp-content\/uploads\/2023\/07\/Jouy-Cuisine-300x300.jpg 300w, https:\/\/3d-travaux.com\/wp-content\/uploads\/2023\/07\/Jouy-Cuisine-150x150.jpg 150w, https:\/\/3d-travaux.com\/wp-content\/uploads\/2023\/07\/Jouy-Cuisine-768x768.jpg 768w, https:\/\/3d-travaux.com\/wp-content\/uploads\/2023\/07\/Jouy-Cuisine-1536x1536.jpg 1536w, https:\/\/3d-travaux.com\/wp-content\/uploads\/2023\/07\/Jouy-Cuisine-2048x2048.jpg 2048w, https:\/\/3d-travaux.com\/wp-content\/uploads\/2023\/07\/Jouy-Cuisine-100x100.jpg 100w\" sizes=\"(max-width: 706px) 89vw, (max-width: 767px) 82vw, 740px\" \/><\/figure><\/li><li class=\"blocks-gallery-item\"><figure><img loading=\"lazy\" width=\"1024\" height=\"1024\" src=\"http:\/\/3d-travaux.com\/wp-content\/uploads\/2023\/07\/Jouy-Cuisine-2-1024x1024.jpg\" alt=\"\" data-id=\"729\" data-full-url=\"http:\/\/3d-travaux.com\/wp-content\/uploads\/2023\/07\/Jouy-Cuisine-2-scaled.jpg\" data-link=\"http:\/\/3d-travaux.com\/index.php\/realisations\/jouy-cuisine-2\/\" class=\"wp-image-729\" srcset=\"https:\/\/3d-travaux.com\/wp-content\/uploads\/2023\/07\/Jouy-Cuisine-2-1024x1024.jpg 1024w, https:\/\/3d-travaux.com\/wp-content\/uploads\/2023\/07\/Jouy-Cuisine-2-300x300.jpg 300w, https:\/\/3d-travaux.com\/wp-content\/uploads\/2023\/07\/Jouy-Cuisine-2-150x150.jpg 150w, https:\/\/3d-travaux.com\/wp-content\/uploads\/2023\/07\/Jouy-Cuisine-2-768x768.jpg 768w, https:\/\/3d-travaux.com\/wp-content\/uploads\/2023\/07\/Jouy-Cuisine-2-1536x1536.jpg 1536w, https:\/\/3d-travaux.com\/wp-content\/uploads\/2023\/07\/Jouy-Cuisine-2-2048x2048.jpg 2048w, https:\/\/3d-travaux.com\/wp-content\/uploads\/2023\/07\/Jouy-Cuisine-2-100x100.jpg 100w\" sizes=\"(max-width: 706px) 89vw, (max-width: 767px) 82vw, 740px\" \/><\/figure><\/li><li class=\"blocks-gallery-item\"><figure><img loading=\"lazy\" width=\"1024\" height=\"1024\" src=\"http:\/\/3d-travaux.com\/wp-content\/uploads\/2023\/07\/Salle-de-bain-2-1-1024x1024.jpg\" alt=\"\" data-id=\"757\" data-full-url=\"http:\/\/3d-travaux.com\/wp-content\/uploads\/2023\/07\/Salle-de-bain-2-1-scaled.jpg\" data-link=\"http:\/\/3d-travaux.com\/index.php\/realisations\/salle-de-bain-2-1\/\" class=\"wp-image-757\" srcset=\"https:\/\/3d-travaux.com\/wp-content\/uploads\/2023\/07\/Salle-de-bain-2-1-1024x1024.jpg 1024w, https:\/\/3d-travaux.com\/wp-content\/uploads\/2023\/07\/Salle-de-bain-2-1-300x300.jpg 300w, https:\/\/3d-travaux.com\/wp-content\/uploads\/2023\/07\/Salle-de-bain-2-1-150x150.jpg 150w, https:\/\/3d-travaux.com\/wp-content\/uploads\/2023\/07\/Salle-de-bain-2-1-768x768.jpg 768w, https:\/\/3d-travaux.com\/wp-content\/uploads\/2023\/07\/Salle-de-bain-2-1-1536x1536.jpg 1536w, https:\/\/3d-travaux.com\/wp-content\/uploads\/2023\/07\/Salle-de-bain-2-1-2048x2048.jpg 2048w, https:\/\/3d-travaux.com\/wp-content\/uploads\/2023\/07\/Salle-de-bain-2-1-100x100.jpg 100w\" sizes=\"(max-width: 706px) 89vw, (max-width: 767px) 82vw, 740px\" \/><\/figure><\/li><\/ul><\/figure>\n\n\n\n<h2 class=\"has-normal-font-size\" id=\"block-70fb4f9e-09b5-4920-bc5f-891afe59114e\" style=\"line-height:0\">Les Luminaires<\/h2>\n\n\n\n<div class=\"wp-block-group\"><div class=\"wp-block-group__inner-container\">\n<figure class=\"wp-block-gallery columns-1 is-cropped\"><ul class=\"blocks-gallery-grid\"><li class=\"blocks-gallery-item\"><figure><img loading=\"lazy\" width=\"1024\" height=\"1024\" src=\"http:\/\/3d-travaux.com\/wp-content\/uploads\/2023\/07\/Luminaire-02-1-1024x1024.jpg\" alt=\"\" data-id=\"754\" data-full-url=\"http:\/\/3d-travaux.com\/wp-content\/uploads\/2023\/07\/Luminaire-02-1-scaled.jpg\" data-link=\"http:\/\/3d-travaux.com\/index.php\/realisations\/luminaire-02-1\/\" class=\"wp-image-754\" srcset=\"https:\/\/3d-travaux.com\/wp-content\/uploads\/2023\/07\/Luminaire-02-1-1024x1024.jpg 1024w, https:\/\/3d-travaux.com\/wp-content\/uploads\/2023\/07\/Luminaire-02-1-300x300.jpg 300w, https:\/\/3d-travaux.com\/wp-content\/uploads\/2023\/07\/Luminaire-02-1-150x150.jpg 150w, https:\/\/3d-travaux.com\/wp-content\/uploads\/2023\/07\/Luminaire-02-1-768x768.jpg 768w, https:\/\/3d-travaux.com\/wp-content\/uploads\/2023\/07\/Luminaire-02-1-1536x1536.jpg 1536w, https:\/\/3d-travaux.com\/wp-content\/uploads\/2023\/07\/Luminaire-02-1-2048x2048.jpg 2048w, https:\/\/3d-travaux.com\/wp-content\/uploads\/2023\/07\/Luminaire-02-1-100x100.jpg 100w\" sizes=\"(max-width: 706px) 89vw, (max-width: 767px) 82vw, 740px\" \/><\/figure><\/li><\/ul><\/figure>\n<\/div><\/div>\n\n\n\n<h2 class=\"has-normal-font-size\">Chambre \u00e0 Chartres<\/h2>\n\n\n\n<figure class=\"wp-block-gallery columns-1 is-cropped\"><ul class=\"blocks-gallery-grid\"><li class=\"blocks-gallery-item\"><figure><img loading=\"lazy\" width=\"1024\" height=\"1024\" src=\"http:\/\/3d-travaux.com\/wp-content\/uploads\/2023\/07\/Chambre-02-Chartres-1024x1024.jpg\" alt=\"\" data-id=\"758\" data-full-url=\"http:\/\/3d-travaux.com\/wp-content\/uploads\/2023\/07\/Chambre-02-Chartres-scaled.jpg\" data-link=\"http:\/\/3d-travaux.com\/index.php\/realisations\/chambre-02-chartres\/\" class=\"wp-image-758\" srcset=\"https:\/\/3d-travaux.com\/wp-content\/uploads\/2023\/07\/Chambre-02-Chartres-1024x1024.jpg 1024w, https:\/\/3d-travaux.com\/wp-content\/uploads\/2023\/07\/Chambre-02-Chartres-300x300.jpg 300w, https:\/\/3d-travaux.com\/wp-content\/uploads\/2023\/07\/Chambre-02-Chartres-150x150.jpg 150w, https:\/\/3d-travaux.com\/wp-content\/uploads\/2023\/07\/Chambre-02-Chartres-768x768.jpg 768w, https:\/\/3d-travaux.com\/wp-content\/uploads\/2023\/07\/Chambre-02-Chartres-1536x1536.jpg 1536w, https:\/\/3d-travaux.com\/wp-content\/uploads\/2023\/07\/Chambre-02-Chartres-2048x2048.jpg 2048w, https:\/\/3d-travaux.com\/wp-content\/uploads\/2023\/07\/Chambre-02-Chartres-100x100.jpg 100w\" sizes=\"(max-width: 706px) 89vw, (max-width: 767px) 82vw, 740px\" \/><\/figure><\/li><\/ul><\/figure>\n","protected":false},"excerpt":{"rendered":"<p>R\u00e9novation d&rsquo;une salle \u00e0 manger salon \u00e0 Jouy R\u00e9novation d&rsquo;un agence \u00e0 Chartres R\u00e9novation d&rsquo;un cuisine \u00e0 Chartres R\u00e9novation d&rsquo;une d\u00e9pendance \u00e0 Tremblay les Villages Salle de bain \u00e0 Chartres R\u00e9novation d&rsquo;une Chambre d&rsquo;enfants \u00e0 Chartres R\u00e9novation salon et salle \u00e0 manger \u00e0 Fontenay sur Eure R\u00e9novation d&rsquo;une Cuisine \u00e0 Jouy Les Luminaires Chambre \u00e0 &hellip; <\/p>\n<p class=\"link-more\"><a href=\"https:\/\/3d-travaux.com\/index.php\/realisations\/\" class=\"more-link\">Continuer la lecture<span class=\"screen-reader-text\"> de &laquo;&nbsp;R\u00e9alisations&nbsp;&raquo;<\/span><\/a><\/p>\n","protected":false},"author":1,"featured_media":0,"parent":0,"menu_order":0,"comment_status":"closed","ping_status":"closed","template":"","meta":[],"_links":{"self":[{"href":"https:\/\/3d-travaux.com\/index.php\/wp-json\/wp\/v2\/pages\/502"}],"collection":[{"href":"https:\/\/3d-travaux.com\/index.php\/wp-json\/wp\/v2\/pages"}],"about":[{"href":"https:\/\/3d-travaux.com\/index.php\/wp-json\/wp\/v2\/types\/page"}],"author":[{"embeddable":true,"href":"https:\/\/3d-travaux.com\/index.php\/wp-json\/wp\/v2\/users\/1"}],"replies":[{"embeddable":true,"href":"https:\/\/3d-travaux.com\/index.php\/wp-json\/wp\/v2\/comments?post=502"}],"version-history":[{"count":26,"href":"https:\/\/3d-travaux.com\/index.php\/wp-json\/wp\/v2\/pages\/502\/revisions"}],"predecessor-version":[{"id":771,"href":"https:\/\/3d-travaux.com\/index.php\/wp-json\/wp\/v2\/pages\/502\/revisions\/771"}],"wp:attachment":[{"href":"https:\/\/3d-travaux.com\/index.php\/wp-json\/wp\/v2\/media?parent=502"}],"curies":[{"name":"wp","href":"https:\/\/api.w.org\/{rel}","templated":true}]}}