{"id":299,"date":"2019-10-17T12:14:30","date_gmt":"2019-10-17T10:14:30","guid":{"rendered":"http:\/\/3d-travaux.com\/?page_id=299"},"modified":"2023-07-27T16:12:18","modified_gmt":"2023-07-27T14:12:18","slug":"creation-plans","status":"publish","type":"page","link":"https:\/\/3d-travaux.com\/index.php\/creation-plans\/","title":{"rendered":"Cr\u00e9ation Plans"},"content":{"rendered":"\n<p>3D Travaux peut r\u00e9aliser pour vous diff\u00e9rents <strong>plans<\/strong>, <strong>dessins<\/strong>, coupes, et <strong>d\u00e9tails techniques<\/strong>.<\/p>\n\n\n\n<p>Chaque plan sera con\u00e7u dans le but de pr\u00e9senter \u00e0 ses utilisateurs les informations esth\u00e9tiques, techniques ou g\u00e9om\u00e9triques qui concerne leurs professions, que ce soit pour la prise de d\u00e9cision relative \u00e0 la ma\u00eetrise d\u2019ouvrage ou \u00e0 la ma\u00eetrise d\u2019\u0153uvre, pour l\u2019ex\u00e9cution par l\u2019un des intervenants de la construction, pour le contr\u00f4le ou la v\u00e9rification administrative, technique ou juridique. <\/p>\n\n\n\n<h3 class=\"has-normal-font-size\">Plans Avant Projet Sommaire<\/h3>\n\n\n\n<figure class=\"wp-block-gallery columns-1 is-cropped\"><ul class=\"blocks-gallery-grid\"><li class=\"blocks-gallery-item\"><figure><img loading=\"lazy\" width=\"1024\" height=\"721\" src=\"http:\/\/3d-travaux.com\/wp-content\/uploads\/2023\/07\/Plan-APS-1024x721.png\" alt=\"\" data-id=\"720\" data-full-url=\"http:\/\/3d-travaux.com\/wp-content\/uploads\/2023\/07\/Plan-APS.png\" data-link=\"http:\/\/3d-travaux.com\/index.php\/realisations\/creation-plans\/plan-aps\/\" class=\"wp-image-720\" srcset=\"https:\/\/3d-travaux.com\/wp-content\/uploads\/2023\/07\/Plan-APS-1024x721.png 1024w, https:\/\/3d-travaux.com\/wp-content\/uploads\/2023\/07\/Plan-APS-300x211.png 300w, https:\/\/3d-travaux.com\/wp-content\/uploads\/2023\/07\/Plan-APS-768x540.png 768w, https:\/\/3d-travaux.com\/wp-content\/uploads\/2023\/07\/Plan-APS-1536x1081.png 1536w, https:\/\/3d-travaux.com\/wp-content\/uploads\/2023\/07\/Plan-APS-2048x1441.png 2048w\" sizes=\"(max-width: 706px) 89vw, (max-width: 767px) 82vw, 740px\" \/><\/figure><\/li><\/ul><\/figure>\n\n\n\n<h2 class=\"has-normal-font-size\">D\u00e9p\u00f4ts Administratifs<\/h2>\n\n\n\n<p>3D Travaux s\u2019occupe pour vous de faire la distinction entre les diff\u00e9rents d\u00e9p\u00f4ts administratifs : Autorisation de Travaux, d\u2019Enseigne, D\u00e9claration Pr\u00e9alable, Permis de construire ou permis de d\u00e9molir. N\u2019h\u00e9sitez pas \u00e0 nous contacter pour effectuer vos d\u00e9p\u00f4ts en mairie.<\/p>\n\n\n\n<div id=\"block-d30523e4-88f7-48ad-8227-8a948a6597d7\" class=\"wp-block-image\"><figure class=\"aligncenter is-resized\"><a href=\"http:\/\/3d-travaux.com\/index.php\/realisations\/depots-administratifs\/\"><img loading=\"lazy\" src=\"http:\/\/3d-travaux.com\/wp-content\/uploads\/2019\/10\/Cerfa-1024x609.jpg\" alt=\"L\u2019attribut alt de cette image est vide, son nom de fichier est Cerfa-1024x609.jpg.\" width=\"684\" height=\"408\"\/><\/a><\/figure><\/div>\n\n\n\n<figure class=\"wp-block-gallery columns-1 is-cropped\"><ul class=\"blocks-gallery-grid\"><li class=\"blocks-gallery-item\"><figure><img loading=\"lazy\" width=\"1024\" height=\"671\" src=\"http:\/\/3d-travaux.com\/wp-content\/uploads\/2023\/03\/Depots-Administratif-1024x671.png\" alt=\"\" data-id=\"677\" data-full-url=\"http:\/\/3d-travaux.com\/wp-content\/uploads\/2023\/03\/Depots-Administratif.png\" data-link=\"http:\/\/3d-travaux.com\/index.php\/accueil-2\/depots-administratif\/\" class=\"wp-image-677\" srcset=\"https:\/\/3d-travaux.com\/wp-content\/uploads\/2023\/03\/Depots-Administratif-1024x671.png 1024w, https:\/\/3d-travaux.com\/wp-content\/uploads\/2023\/03\/Depots-Administratif-300x197.png 300w, https:\/\/3d-travaux.com\/wp-content\/uploads\/2023\/03\/Depots-Administratif-768x504.png 768w, https:\/\/3d-travaux.com\/wp-content\/uploads\/2023\/03\/Depots-Administratif-1536x1007.png 1536w, https:\/\/3d-travaux.com\/wp-content\/uploads\/2023\/03\/Depots-Administratif.png 1754w\" sizes=\"(max-width: 706px) 89vw, (max-width: 767px) 82vw, 740px\" \/><\/figure><\/li><\/ul><\/figure>\n\n\n\n<h2 class=\"has-normal-font-size\">Plans Techniques<\/h2>\n\n\n\n<figure class=\"wp-block-gallery columns-2 is-cropped\"><ul class=\"blocks-gallery-grid\"><li class=\"blocks-gallery-item\"><figure><img loading=\"lazy\" width=\"1024\" height=\"582\" src=\"http:\/\/3d-travaux.com\/wp-content\/uploads\/2023\/07\/Plan-Meuble-Technique-1024x582.png\" alt=\"\" data-id=\"721\" data-full-url=\"http:\/\/3d-travaux.com\/wp-content\/uploads\/2023\/07\/Plan-Meuble-Technique.png\" data-link=\"http:\/\/3d-travaux.com\/index.php\/realisations\/creation-plans\/plan-meuble-technique\/\" class=\"wp-image-721\" srcset=\"https:\/\/3d-travaux.com\/wp-content\/uploads\/2023\/07\/Plan-Meuble-Technique-1024x582.png 1024w, https:\/\/3d-travaux.com\/wp-content\/uploads\/2023\/07\/Plan-Meuble-Technique-300x170.png 300w, https:\/\/3d-travaux.com\/wp-content\/uploads\/2023\/07\/Plan-Meuble-Technique-768x436.png 768w, https:\/\/3d-travaux.com\/wp-content\/uploads\/2023\/07\/Plan-Meuble-Technique-1536x872.png 1536w, https:\/\/3d-travaux.com\/wp-content\/uploads\/2023\/07\/Plan-Meuble-Technique-2048x1163.png 2048w\" sizes=\"(max-width: 706px) 89vw, (max-width: 767px) 82vw, 740px\" \/><\/figure><\/li><li class=\"blocks-gallery-item\"><figure><img loading=\"lazy\" width=\"1024\" height=\"595\" src=\"http:\/\/3d-travaux.com\/wp-content\/uploads\/2023\/07\/Plan-Meuble-Technique-2-1024x595.png\" alt=\"\" data-id=\"722\" data-full-url=\"http:\/\/3d-travaux.com\/wp-content\/uploads\/2023\/07\/Plan-Meuble-Technique-2.png\" data-link=\"http:\/\/3d-travaux.com\/index.php\/realisations\/creation-plans\/plan-meuble-technique-2\/\" class=\"wp-image-722\" srcset=\"https:\/\/3d-travaux.com\/wp-content\/uploads\/2023\/07\/Plan-Meuble-Technique-2-1024x595.png 1024w, https:\/\/3d-travaux.com\/wp-content\/uploads\/2023\/07\/Plan-Meuble-Technique-2-300x174.png 300w, https:\/\/3d-travaux.com\/wp-content\/uploads\/2023\/07\/Plan-Meuble-Technique-2-768x446.png 768w, https:\/\/3d-travaux.com\/wp-content\/uploads\/2023\/07\/Plan-Meuble-Technique-2-1536x893.png 1536w, https:\/\/3d-travaux.com\/wp-content\/uploads\/2023\/07\/Plan-Meuble-Technique-2-2048x1191.png 2048w\" sizes=\"(max-width: 706px) 89vw, (max-width: 767px) 82vw, 740px\" \/><\/figure><\/li><\/ul><\/figure>\n\n\n\n<h2 class=\"has-normal-font-size\">Plans 3D Meuble<\/h2>\n\n\n\n<figure class=\"wp-block-gallery columns-1 is-cropped\"><ul class=\"blocks-gallery-grid\"><li class=\"blocks-gallery-item\"><figure><img loading=\"lazy\" width=\"1024\" height=\"545\" src=\"http:\/\/3d-travaux.com\/wp-content\/uploads\/2023\/07\/Boulangerie_Plans-3D-01_20230619-1-1024x545.jpg\" alt=\"\" data-id=\"724\" data-full-url=\"http:\/\/3d-travaux.com\/wp-content\/uploads\/2023\/07\/Boulangerie_Plans-3D-01_20230619-1.jpg\" data-link=\"http:\/\/3d-travaux.com\/index.php\/realisations\/creation-plans\/boulangerie_plans-3d-01_20230619-1\/\" class=\"wp-image-724\" srcset=\"https:\/\/3d-travaux.com\/wp-content\/uploads\/2023\/07\/Boulangerie_Plans-3D-01_20230619-1-1024x545.jpg 1024w, https:\/\/3d-travaux.com\/wp-content\/uploads\/2023\/07\/Boulangerie_Plans-3D-01_20230619-1-300x160.jpg 300w, https:\/\/3d-travaux.com\/wp-content\/uploads\/2023\/07\/Boulangerie_Plans-3D-01_20230619-1-768x409.jpg 768w, https:\/\/3d-travaux.com\/wp-content\/uploads\/2023\/07\/Boulangerie_Plans-3D-01_20230619-1-1536x817.jpg 1536w, https:\/\/3d-travaux.com\/wp-content\/uploads\/2023\/07\/Boulangerie_Plans-3D-01_20230619-1-2048x1090.jpg 2048w\" sizes=\"(max-width: 706px) 89vw, (max-width: 767px) 82vw, 740px\" \/><\/figure><\/li><\/ul><\/figure>\n\n\n\n<p><\/p>\n\n\n\n<h2 class=\"has-normal-font-size\">Plans DCE \/\/ Plan de D\u00e9molition et Plan d&rsquo;Electricit\u00e9<\/h2>\n\n\n\n<figure class=\"wp-block-image size-large\"><img loading=\"lazy\" width=\"1024\" height=\"721\" src=\"http:\/\/3d-travaux.com\/wp-content\/uploads\/2023\/07\/Plan-Demolition-1024x721.png\" alt=\"\" class=\"wp-image-725\" srcset=\"https:\/\/3d-travaux.com\/wp-content\/uploads\/2023\/07\/Plan-Demolition-1024x721.png 1024w, https:\/\/3d-travaux.com\/wp-content\/uploads\/2023\/07\/Plan-Demolition-300x211.png 300w, https:\/\/3d-travaux.com\/wp-content\/uploads\/2023\/07\/Plan-Demolition-768x540.png 768w, https:\/\/3d-travaux.com\/wp-content\/uploads\/2023\/07\/Plan-Demolition-1536x1081.png 1536w, https:\/\/3d-travaux.com\/wp-content\/uploads\/2023\/07\/Plan-Demolition-2048x1441.png 2048w\" sizes=\"(max-width: 706px) 89vw, (max-width: 767px) 82vw, 740px\" \/><\/figure>\n\n\n\n<figure class=\"wp-block-image size-large\"><img loading=\"lazy\" width=\"1024\" height=\"721\" src=\"http:\/\/3d-travaux.com\/wp-content\/uploads\/2023\/07\/Plan-Elec-1024x721.png\" alt=\"\" class=\"wp-image-726\" srcset=\"https:\/\/3d-travaux.com\/wp-content\/uploads\/2023\/07\/Plan-Elec-1024x721.png 1024w, https:\/\/3d-travaux.com\/wp-content\/uploads\/2023\/07\/Plan-Elec-300x211.png 300w, https:\/\/3d-travaux.com\/wp-content\/uploads\/2023\/07\/Plan-Elec-768x540.png 768w, https:\/\/3d-travaux.com\/wp-content\/uploads\/2023\/07\/Plan-Elec-1536x1081.png 1536w, https:\/\/3d-travaux.com\/wp-content\/uploads\/2023\/07\/Plan-Elec-2048x1441.png 2048w\" sizes=\"(max-width: 706px) 89vw, (max-width: 767px) 82vw, 740px\" \/><\/figure>\n\n\n\n<p><\/p>\n","protected":false},"excerpt":{"rendered":"<p>3D Travaux peut r\u00e9aliser pour vous diff\u00e9rents plans, dessins, coupes, et d\u00e9tails techniques. Chaque plan sera con\u00e7u dans le but de pr\u00e9senter \u00e0 ses utilisateurs les informations esth\u00e9tiques, techniques ou g\u00e9om\u00e9triques qui concerne leurs professions, que ce soit pour la prise de d\u00e9cision relative \u00e0 la ma\u00eetrise d\u2019ouvrage ou \u00e0 la ma\u00eetrise d\u2019\u0153uvre, pour l\u2019ex\u00e9cution &hellip; <\/p>\n<p class=\"link-more\"><a href=\"https:\/\/3d-travaux.com\/index.php\/creation-plans\/\" class=\"more-link\">Continuer la lecture<span class=\"screen-reader-text\"> de &laquo;&nbsp;Cr\u00e9ation Plans&nbsp;&raquo;<\/span><\/a><\/p>\n","protected":false},"author":1,"featured_media":0,"parent":0,"menu_order":1,"comment_status":"closed","ping_status":"closed","template":"","meta":[],"_links":{"self":[{"href":"https:\/\/3d-travaux.com\/index.php\/wp-json\/wp\/v2\/pages\/299"}],"collection":[{"href":"https:\/\/3d-travaux.com\/index.php\/wp-json\/wp\/v2\/pages"}],"about":[{"href":"https:\/\/3d-travaux.com\/index.php\/wp-json\/wp\/v2\/types\/page"}],"author":[{"embeddable":true,"href":"https:\/\/3d-travaux.com\/index.php\/wp-json\/wp\/v2\/users\/1"}],"replies":[{"embeddable":true,"href":"https:\/\/3d-travaux.com\/index.php\/wp-json\/wp\/v2\/comments?post=299"}],"version-history":[{"count":17,"href":"https:\/\/3d-travaux.com\/index.php\/wp-json\/wp\/v2\/pages\/299\/revisions"}],"predecessor-version":[{"id":774,"href":"https:\/\/3d-travaux.com\/index.php\/wp-json\/wp\/v2\/pages\/299\/revisions\/774"}],"wp:attachment":[{"href":"https:\/\/3d-travaux.com\/index.php\/wp-json\/wp\/v2\/media?parent=299"}],"curies":[{"name":"wp","href":"https:\/\/api.w.org\/{rel}","templated":true}]}}