{"id":119,"date":"2019-10-11T14:30:52","date_gmt":"2019-10-11T12:30:52","guid":{"rendered":"http:\/\/3d-travaux.com\/?page_id=119"},"modified":"2019-10-15T16:40:21","modified_gmt":"2019-10-15T14:40:21","slug":"prestations","status":"publish","type":"page","link":"https:\/\/3d-travaux.com\/index.php\/prestations\/","title":{"rendered":"Prestations"},"content":{"rendered":"\n<h2>Concevoir &#8211; Phase \u00e9tude<\/h2>\n\n\n\n<p>3D Travaux vous assiste tout au long de la p\u00e9riode de consultation des entreprises. Suite \u00e0 l&rsquo;\u00e9laboration de l&rsquo;APD (Avant Projet D\u00e9finitif), nous vous transmettons un dossier de prescriptions pour des r\u00e9alisations tous corps d&rsquo;\u00e9tat, \u00e0 transmettre aux entreprises et en parfaite coh\u00e9rence avec votre budget pr\u00e9visionnel initial. Nous assurons et \u00e9tudions la cr\u00e9dibilit\u00e9 des entreprises pr\u00e9-s\u00e9lectionn\u00e9es, ainsi que leurs tarifs pratiqu\u00e9s et assurances. 3D Travaux vous oriente si besoin vers les professionnels adapt\u00e9s en fonction de votre projet.<\/p>\n\n\n\n<h2>Collaborer&nbsp;<\/h2>\n\n\n\n<p>D\u00e8s notre premier rendez-vous, nous nous chargeons de rassembler et comprendre vos besoins. Nous vous conseillons sur les diff\u00e9rentes d\u00e9marches \u00e0 suivre en fonction de vos id\u00e9es et de votre enveloppe budg\u00e9taire pr\u00e9visionnelle.<\/p>\n\n\n\n<p>Nous nous chargeons d&rsquo;effectuer un relev\u00e9 complet de votre bien, afin de vous proposer au minimum trois projets sommaires aboutissants \u00e0 un dossier travaux d\u00e9taill\u00e9 (Avant Projet D\u00e9finitif), en ad\u00e9quation avec votre enveloppe budg\u00e9taire pr\u00e9visionnelle et \u00e0 la hauteur de vos attentes.<\/p>\n\n\n\n<h2>Cr\u00e9er &#8211; Phase Travaux<\/h2>\n\n\n\n<p>Tout au long du chantier, nous vous transmettons un rapport hebdomadaire de suivi et d&rsquo;avanc\u00e9e du chantier. Nous organisons, pilotons et vous assurons des travaux r\u00e9alis\u00e9s en fonctions des normes en vigueur, concernant l&rsquo;ensembles des corps d&rsquo;\u00e9tat faisants partie de notre prescription. Il nous appartient \u00e9galement de vous faire visiter les lieux en fin de chantier, de vous assister lors de la lev\u00e9e d&rsquo;\u00e9ventuelles r\u00e9serves, en pr\u00e9sence des entreprises qui ont \u00e9t\u00e9 charg\u00e9es de la r\u00e9alisation de vos travaux.<\/p>\n","protected":false},"excerpt":{"rendered":"<p>Concevoir &#8211; Phase \u00e9tude 3D Travaux vous assiste tout au long de la p\u00e9riode de consultation des entreprises. Suite \u00e0 l&rsquo;\u00e9laboration de l&rsquo;APD (Avant Projet D\u00e9finitif), nous vous transmettons un dossier de prescriptions pour des r\u00e9alisations tous corps d&rsquo;\u00e9tat, \u00e0 transmettre aux entreprises et en parfaite coh\u00e9rence avec votre budget pr\u00e9visionnel initial. Nous assurons et &hellip; <\/p>\n<p class=\"link-more\"><a href=\"https:\/\/3d-travaux.com\/index.php\/prestations\/\" class=\"more-link\">Continuer la lecture<span class=\"screen-reader-text\"> de &laquo;&nbsp;Prestations&nbsp;&raquo;<\/span><\/a><\/p>\n","protected":false},"author":1,"featured_media":0,"parent":0,"menu_order":0,"comment_status":"closed","ping_status":"closed","template":"","meta":[],"_links":{"self":[{"href":"https:\/\/3d-travaux.com\/index.php\/wp-json\/wp\/v2\/pages\/119"}],"collection":[{"href":"https:\/\/3d-travaux.com\/index.php\/wp-json\/wp\/v2\/pages"}],"about":[{"href":"https:\/\/3d-travaux.com\/index.php\/wp-json\/wp\/v2\/types\/page"}],"author":[{"embeddable":true,"href":"https:\/\/3d-travaux.com\/index.php\/wp-json\/wp\/v2\/users\/1"}],"replies":[{"embeddable":true,"href":"https:\/\/3d-travaux.com\/index.php\/wp-json\/wp\/v2\/comments?post=119"}],"version-history":[{"count":3,"href":"https:\/\/3d-travaux.com\/index.php\/wp-json\/wp\/v2\/pages\/119\/revisions"}],"predecessor-version":[{"id":275,"href":"https:\/\/3d-travaux.com\/index.php\/wp-json\/wp\/v2\/pages\/119\/revisions\/275"}],"wp:attachment":[{"href":"https:\/\/3d-travaux.com\/index.php\/wp-json\/wp\/v2\/media?parent=119"}],"curies":[{"name":"wp","href":"https:\/\/api.w.org\/{rel}","templated":true}]}}